{"id":149,"date":"2023-03-29T10:45:19","date_gmt":"2023-03-29T10:45:19","guid":{"rendered":"https:\/\/spremnost_razlicitost.uniri.hr\/?page_id=149"},"modified":"2023-04-03T09:43:16","modified_gmt":"2023-04-03T09:43:16","slug":"plan-projektnih-aktivnosti","status":"publish","type":"page","link":"https:\/\/spremnost_razlicitost.uniri.hr\/?page_id=149","title":{"rendered":"PLAN PROJEKTNIH AKTIVNOSTI"},"content":{"rendered":"\n<div class=\"is-layout-flex wp-container-4 wp-block-columns alignwide\" style=\"margin-bottom:0\">\n<div class=\"is-layout-flow wp-elements-36e48a9b6b91060815dfbe0d6736b49c wp-block-column has-zeever-bgsoft-background-color has-text-color has-background has-link-color\" style=\"color:#000000;padding-top:2em;padding-right:2em;padding-bottom:2em;padding-left:2em\">\n<p class=\"has-text-align-center has-zeever-primary-color has-text-color has-extra-large-font-size\" style=\"font-style:normal;font-weight:700\"><mark style=\"background-color:rgba(0, 0, 0, 0)\" class=\"has-inline-color has-zeever-primary-color\">Provedba kvantitativnog istra\u017eivanja <\/mark><\/p>\n\n\n\n<hr class=\"wp-block-separator has-text-color has-pale-pink-color has-alpha-channel-opacity has-pale-pink-background-color has-background\"\/>\n\n\n\n<p class=\"has-text-align-center has-large-font-size\"><strong><mark style=\"background-color:rgba(0, 0, 0, 0)\" class=\"has-inline-color has-zeever-primary-color\">1. &#8211; 6. mj. projekta<\/mark><\/strong><\/p>\n\n\n\n<div class=\"is-horizontal is-layout-flex wp-container-1 wp-block-buttons alignfull has-custom-font-size has-small-font-size\" style=\"font-style:normal;font-weight:100\">\n<div class=\"wp-block-button has-custom-width wp-block-button__width-100 has-custom-font-size is-style-fill has-large-font-size\"><a class=\"wp-block-button__link has-zeever-bgsoft-color has-zeever-secondary-background-color has-text-color has-background wp-element-button\" style=\"padding-top:0;padding-right:0;padding-bottom:0;padding-left:0\"> U istra\u017eivanju razli\u010ditostnih kompetencija sudjelovat \u0107e 250 prigodno odabranih studenata redovnog preddiplomskog studija sestrinstva na Fakultetu zdravstvenih studija u Rijeci te integriranog studija medicine na Medicinskom fakultetu u Rijeci. Za procjenu razli\u010ditostnih kompetencija koristit \u0107e se modificirani upitnik CCCS (<em>Cros-cultural care survey<\/em>).<\/a><\/div>\n<\/div>\n\n\n\n<hr class=\"wp-block-separator aligncenter has-text-color has-pale-pink-color has-alpha-channel-opacity has-pale-pink-background-color has-background is-style-dots\"\/>\n\n\n\n<p class=\"has-text-align-center has-extra-large-font-size\" style=\"font-style:normal;font-weight:700\"><mark style=\"background-color:rgba(0, 0, 0, 0)\" class=\"has-inline-color has-zeever-primary-color\">Kreiranje smjernica unapre\u0111enja razli\u010ditostnih kompetencija studenata<strong> <\/strong><\/mark><\/p>\n\n\n\n<hr class=\"wp-block-separator has-text-color has-pale-pink-color has-alpha-channel-opacity has-pale-pink-background-color has-background\"\/>\n\n\n\n<p class=\"has-text-align-center has-large-font-size\" style=\"font-style:normal;font-weight:300\"><strong><mark style=\"background-color:rgba(0, 0, 0, 0)\" class=\"has-inline-color has-zeever-primary-color\"><strong>7. &#8211; 12. mj. projekta<\/strong> <\/mark><\/strong><\/p>\n\n\n\n<div class=\"is-layout-flex wp-block-buttons\">\n<div class=\"wp-block-button has-custom-width wp-block-button__width-100 has-custom-font-size has-large-font-size\" style=\"font-style:normal;font-weight:200\"><a class=\"wp-block-button__link has-zeever-bgsoft-color has-pale-pink-background-color has-text-color has-background wp-element-button\" style=\"padding-top:var(--wp--preset--spacing--80);padding-right:var(--wp--preset--spacing--80);padding-bottom:var(--wp--preset--spacing--80);padding-left:var(--wp--preset--spacing--80)\">U drugom dijelu projekta bit \u0107e organiziran znanstveni skup s me\u0111unarodnim u\u010de\u0161\u0107em na temu razli\u010ditostnih kompetencija u edukaciji studenata zdravstvenih profesija. Uz otvoren poziv za sudjelovanjem, skup \u0107e uklju\u010divati pozvana predavanja na temu edukacije o razli\u010ditosti na medicinskim fakultetima uz predstavljanje primjera dobre prakse. U nastavku skupa bit \u0107e organizirana radionica na kojoj \u0107e biti predstavljeni rezultati istra\u017eivanja razli\u010ditostnih kompetencija. Na radionici \u0107e, uz sudionike iz akademske zajednice, uklju\u010duju\u0107i studente, sudjelovati predstavnici iz nevladinih organizacija koje \u0161tite i zagovaraju prava spomenutih triju vulnerabilnih skupina. Temeljem rezultata kvalitativnog istra\u017eivanja, koriste\u0107i metodologiju integrativne bioetike koja uklju\u010duje interdisciplinarni i pluriperspektivni pristup, bit \u0107e kreirane smjernice unapre\u0111enja kompetencije kroz nastavne programe te aktivno djelovanje studentica i studenata u zajednici.<\/a><\/div>\n<\/div>\n<\/div>\n<\/div>\n\n\n\n<p class=\"has-text-align-center has-large-font-size\"><strong><mark style=\"background-color:rgba(0, 0, 0, 0)\" class=\"has-inline-color has-zeever-primary-color\">Diseminacijske aktivnosti uklju\u010divat \u0107e, uz organizaciju znanstvenog skupa i radionice, objavu znanstvenog \u010dlanka s rezultatima istra\u017eivanja u znanstvenom \u010dasopisu indeksiranom u Q1 ili Q2 citatnoj bazi Web of Science ili Scopus te organizaciju javnog predavanja na temu razli\u010ditostnih kompetencija. Izlaganja sa znanstvenog skupa i javno predavanje bit \u0107e dostupni preko multimedijalne platforme projekta odnosno znanstvenog skupa.<\/mark><\/strong><\/p>\n","protected":false},"excerpt":{"rendered":"<p>Provedba kvantitativnog istra\u017eivanja 1. &#8211; 6. mj. projekta Kreiranje smjernica unapre\u0111enja razli\u010ditostnih kompetencija studenata 7. &#8211; 12. mj. projekta Diseminacijske aktivnosti uklju\u010divat \u0107e, uz organizaciju znanstvenog skupa i radionice, objavu znanstvenog \u010dlanka s rezultatima istra\u017eivanja u znanstvenom \u010dasopisu indeksiranom u Q1 ili Q2 citatnoj bazi Web of Science ili Scopus te organizaciju javnog predavanja na temu razli\u010ditostnih kompetencija. Izlaganja sa znanstvenog skupa i javno predavanje bit \u0107e dostupni preko multimedijalne platforme projekta odnosno znanstvenog skupa.<\/p>\n","protected":false},"author":2,"featured_media":0,"parent":0,"menu_order":0,"comment_status":"closed","ping_status":"closed","template":"","meta":[],"_links":{"self":[{"href":"https:\/\/spremnost_razlicitost.uniri.hr\/index.php?rest_route=\/wp\/v2\/pages\/149"}],"collection":[{"href":"https:\/\/spremnost_razlicitost.uniri.hr\/index.php?rest_route=\/wp\/v2\/pages"}],"about":[{"href":"https:\/\/spremnost_razlicitost.uniri.hr\/index.php?rest_route=\/wp\/v2\/types\/page"}],"author":[{"embeddable":true,"href":"https:\/\/spremnost_razlicitost.uniri.hr\/index.php?rest_route=\/wp\/v2\/users\/2"}],"replies":[{"embeddable":true,"href":"https:\/\/spremnost_razlicitost.uniri.hr\/index.php?rest_route=%2Fwp%2Fv2%2Fcomments&post=149"}],"version-history":[{"count":10,"href":"https:\/\/spremnost_razlicitost.uniri.hr\/index.php?rest_route=\/wp\/v2\/pages\/149\/revisions"}],"predecessor-version":[{"id":267,"href":"https:\/\/spremnost_razlicitost.uniri.hr\/index.php?rest_route=\/wp\/v2\/pages\/149\/revisions\/267"}],"wp:attachment":[{"href":"https:\/\/spremnost_razlicitost.uniri.hr\/index.php?rest_route=%2Fwp%2Fv2%2Fmedia&parent=149"}],"curies":[{"name":"wp","href":"https:\/\/api.w.org\/{rel}","templated":true}]}}